{"id":4990,"date":"2022-10-06T13:41:58","date_gmt":"2022-10-06T11:41:58","guid":{"rendered":"https:\/\/aiguilhe.eu\/?page_id=4990"},"modified":"2024-06-06T10:27:36","modified_gmt":"2024-06-06T08:27:36","slug":"changement-de-prenom","status":"publish","type":"page","link":"https:\/\/aiguilhe.fr\/index.php\/changement-de-prenom\/","title":{"rendered":"Changement de pr\u00e9nom"},"content":{"rendered":"\t\t<div data-elementor-type=\"wp-post\" data-elementor-id=\"4990\" class=\"elementor elementor-4990\">\n\t\t\t\t\t\t<section class=\"elementor-section elementor-top-section elementor-element elementor-element-cec4fde elementor-section-height-min-height elementor-section-items-stretch elementor-section-content-top elementor-section-stretched elementor-section-boxed elementor-section-height-default\" data-id=\"cec4fde\" data-element_type=\"section\" data-e-type=\"section\" data-settings=\"{&quot;background_background&quot;:&quot;classic&quot;,&quot;stretch_section&quot;:&quot;section-stretched&quot;}\">\n\t\t\t\t\t\t<div class=\"elementor-container elementor-column-gap-default\">\n\t\t\t\t\t<div class=\"elementor-column elementor-col-50 elementor-top-column elementor-element elementor-element-635fe47\" data-id=\"635fe47\" data-element_type=\"column\" data-e-type=\"column\">\n\t\t\t<div class=\"elementor-widget-wrap\">\n\t\t\t\t\t\t\t<\/div>\n\t\t<\/div>\n\t\t\t\t<div class=\"elementor-column elementor-col-50 elementor-top-column elementor-element elementor-element-d4e352b\" data-id=\"d4e352b\" data-element_type=\"column\" data-e-type=\"column\">\n\t\t\t<div class=\"elementor-widget-wrap elementor-element-populated\">\n\t\t\t\t\t\t<div class=\"elementor-element elementor-element-a767066 elementor-widget elementor-widget-heading\" data-id=\"a767066\" data-element_type=\"widget\" data-e-type=\"widget\" data-widget_type=\"heading.default\">\n\t\t\t\t<div class=\"elementor-widget-container\">\n\t\t\t\t\t<h1 class=\"elementor-heading-title elementor-size-default\">Changement de pr\u00e9nom \u00e0 Aiguilhe<\/h1>\t\t\t\t<\/div>\n\t\t\t\t<\/div>\n\t\t\t\t\t<\/div>\n\t\t<\/div>\n\t\t\t\t\t<\/div>\n\t\t<\/section>\n\t\t\t\t<section class=\"elementor-section elementor-top-section elementor-element elementor-element-1115d07 elementor-section-boxed elementor-section-height-default elementor-section-height-default\" data-id=\"1115d07\" data-element_type=\"section\" data-e-type=\"section\">\n\t\t\t\t\t\t<div class=\"elementor-container elementor-column-gap-default\">\n\t\t\t\t\t<div class=\"elementor-column elementor-col-100 elementor-top-column elementor-element elementor-element-d5cdbaf\" data-id=\"d5cdbaf\" data-element_type=\"column\" data-e-type=\"column\">\n\t\t\t<div class=\"elementor-widget-wrap elementor-element-populated\">\n\t\t\t\t\t\t<div class=\"elementor-element elementor-element-80cd3ac elementor-widget elementor-widget-heading\" data-id=\"80cd3ac\" data-element_type=\"widget\" data-e-type=\"widget\" data-widget_type=\"heading.default\">\n\t\t\t\t<div class=\"elementor-widget-container\">\n\t\t\t\t\t<h2 class=\"elementor-heading-title elementor-size-default\">Changement de pr\u00e9nom sur justification<\/h2>\t\t\t\t<\/div>\n\t\t\t\t<\/div>\n\t\t\t\t<div class=\"elementor-element elementor-element-278477b elementor-widget elementor-widget-text-editor\" data-id=\"278477b\" data-element_type=\"widget\" data-e-type=\"widget\" data-widget_type=\"text-editor.default\">\n\t\t\t\t<div class=\"elementor-widget-container\">\n\t\t\t\t\t\t\t\t\t<p>Toute personne peut demander \u00e0 changer de pr\u00e9nom si elle justifie <strong>d&rsquo;un int\u00e9r\u00eat l\u00e9gitime<\/strong>.<br \/>Par exemple, si votre pr\u00e9nom ou la jonction de votre nom et de votre pr\u00e9nom est consid\u00e9r\u00e9 ridicule, vous pouvez demander \u00e0 en changer.<\/p><p>L&rsquo;adjonction, la suppression ou la modification de l&rsquo;ordre des pr\u00e9noms peut \u00e9galement \u00eatre demand\u00e9e.<\/p><p>Vous pouvez faire votre demande de changement de pr\u00e9nom <strong>aupr\u00e8s de la Mairie d&rsquo;Aiguilhe<\/strong> si vous \u00eates n\u00e9 \u00e0 Aiguilhe ou si vous y r\u00e9sidez.<\/p><p>Si l&rsquo;officier d&rsquo;\u00e9tat civil estime que la demande ne rev\u00eat pas un int\u00e9r\u00eat l\u00e9gitime, il saisit le procureur de la r\u00e9publique.<br \/>Si le procureur s&rsquo;oppose au changement de pr\u00e9nom, le demandeur peut saisir le juge aux affaires familiales.<br \/><strong>Cas particuliers<\/strong> :<br \/>La demande de changement de pr\u00e9nom d&rsquo;un majeur sous tutelle doit \u00eatre pr\u00e9sent\u00e9e par son tuteur.<br \/>La demande de changement de pr\u00e9nom d&rsquo;un mineur doit \u00eatre pr\u00e9sent\u00e9e par son(es) repr\u00e9sentant(s) l\u00e9gal (aux). Le mineur de plus de 13 ans doit donner son consentement personnel au changement de pr\u00e9nom.<br \/>Une proc\u00e9dure diff\u00e9rente existe pour <a href=\"https:\/\/www.service-public.fr\/particuliers\/vosdroits\/F10528\" target=\"_blank\" rel=\"noopener\">la francisation du pr\u00e9nom<\/a>, lorsque celle-ci est effectu\u00e9e au moment de l&rsquo;acquisition de la nationalit\u00e9 fran\u00e7aise.<\/p>\t\t\t\t\t\t\t\t<\/div>\n\t\t\t\t<\/div>\n\t\t\t\t\t<\/div>\n\t\t<\/div>\n\t\t\t\t\t<\/div>\n\t\t<\/section>\n\t\t\t\t<section class=\"elementor-section elementor-top-section elementor-element elementor-element-bc7eae9 elementor-section-boxed elementor-section-height-default elementor-section-height-default\" data-id=\"bc7eae9\" data-element_type=\"section\" data-e-type=\"section\" data-settings=\"{&quot;background_background&quot;:&quot;classic&quot;}\">\n\t\t\t\t\t\t<div class=\"elementor-container elementor-column-gap-default\">\n\t\t\t\t\t<div class=\"elementor-column elementor-col-100 elementor-top-column elementor-element elementor-element-12cc463\" data-id=\"12cc463\" data-element_type=\"column\" data-e-type=\"column\">\n\t\t\t<div class=\"elementor-widget-wrap elementor-element-populated\">\n\t\t\t\t\t\t<div class=\"elementor-element elementor-element-1d7d7b6 elementor-widget elementor-widget-heading\" data-id=\"1d7d7b6\" data-element_type=\"widget\" data-e-type=\"widget\" data-widget_type=\"heading.default\">\n\t\t\t\t<div class=\"elementor-widget-container\">\n\t\t\t\t\t<h2 class=\"elementor-heading-title elementor-size-default\">Pi\u00e8ces justificatives<\/h2>\t\t\t\t<\/div>\n\t\t\t\t<\/div>\n\t\t\t\t<div class=\"elementor-element elementor-element-12cc803 elementor-widget elementor-widget-text-editor\" data-id=\"12cc803\" data-element_type=\"widget\" data-e-type=\"widget\" data-widget_type=\"text-editor.default\">\n\t\t\t\t<div class=\"elementor-widget-container\">\n\t\t\t\t\t\t\t\t\t<p><strong>Pi\u00e8ces \u00e0 fournir \u00e0 l&rsquo;officier de l&rsquo;\u00e9tat-civil :<\/strong><\/p><ol><li>le formulaire ci-dessous rempli<\/li><li>une copie int\u00e9grale originale de votre acte de naissance, datant de moins de 3 mois ;<\/li><li>une pi\u00e8ce d&rsquo;identit\u00e9 originale en cours de validit\u00e9 et sa copie ;<\/li><li>un justificatif de domicile de moins de 3 mois.<\/li><\/ol><p>Si vous \u00eates h\u00e9berg\u00e9 par un tiers, un justificatif de domicile de moins de 3 mois de la personne qui vous h\u00e9berge devra \u00eatre fourni, accompagn\u00e9 d&rsquo;une attestation sur l&rsquo;honneur de ce dernier indiquant que vous r\u00e9sidez bien chez lui.<br \/>Justifier l&rsquo;int\u00e9r\u00eat l\u00e9gitime de votre demande : vous devrez fournir \u00e0 l&rsquo;officier de l&rsquo;\u00e9tat-civil des pi\u00e8ces permettant de justifier de votre int\u00e9r\u00eat l\u00e9gitime \u00e0 demander le changement de votre pr\u00e9nom.<\/p><p><strong>En fonction de la situation, vous pouvez fournir des pi\u00e8ces relatives \u00e0 :<\/strong><\/p><ol><li>votre enfance ou votre scolarit\u00e9 : certificat d&rsquo;accouchement, copie du carnet de sant\u00e9, copie du livret de famille, copies des dipl\u00f4mes, etc.<\/li><li>votre vie professionnelle : contrat de travail, attestation de coll\u00e8gues de travail (accompagn\u00e9e d&rsquo;une pi\u00e8ce d&rsquo;identit\u00e9), copies de courriels professionnels, etc.<\/li><li>la vie administrative : copies de pi\u00e8ces d&rsquo;identit\u00e9 anciennes ou actuelles, factures, avis d&rsquo;imposition, justificatifs de domicile, etc.<\/li><li>vous pourrez \u00e9galement joindre des certificats m\u00e9dicaux \u00e9tablissant de vos difficult\u00e9s rencontr\u00e9es par le port d&rsquo;un pr\u00e9nom d\u00e9termin\u00e9.<\/li><\/ol><p><strong>Actes de l&rsquo;\u00e9tat civil devant \u00eatre mis \u00e0 jour<\/strong><\/p><p>Vous devrez remettre \u00e0 l&rsquo;officier de l&rsquo;\u00e9tat civil l&rsquo;ensemble des actes concern\u00e9s par le changement de pr\u00e9nom, dans le cas o\u00f9 celui-ci serait accept\u00e9.<\/p><p>Suivant votre situation, vous devrez produire les copies int\u00e9grales originales des actes suivants :<\/p><p>votre acte de mariage ;<br \/>l&rsquo;acte de naissance de votre \u00e9poux(se) ou partenaire de Pacs ;<br \/>l&rsquo;acte de naissance de chacun de vos enfants <\/p>\t\t\t\t\t\t\t\t<\/div>\n\t\t\t\t<\/div>\n\t\t\t\t<div class=\"elementor-element elementor-element-640eb0e elementor-align-center elementor-widget elementor-widget-button\" data-id=\"640eb0e\" data-element_type=\"widget\" data-e-type=\"widget\" data-widget_type=\"button.default\">\n\t\t\t\t<div class=\"elementor-widget-container\">\n\t\t\t\t\t\t\t\t\t<div class=\"elementor-button-wrapper\">\n\t\t\t\t\t<a class=\"elementor-button elementor-button-link elementor-size-md\" href=\"https:\/\/aiguilhe.fr\/wp-content\/uploads\/2022\/10\/cerfa_16233-01.pdf\" target=\"_blank\">\n\t\t\t\t\t\t<span class=\"elementor-button-content-wrapper\">\n\t\t\t\t\t\t\t\t\t<span class=\"elementor-button-text\">Formulaire<\/span>\n\t\t\t\t\t<\/span>\n\t\t\t\t\t<\/a>\n\t\t\t\t<\/div>\n\t\t\t\t\t\t\t\t<\/div>\n\t\t\t\t<\/div>\n\t\t\t\t\t<\/div>\n\t\t<\/div>\n\t\t\t\t\t<\/div>\n\t\t<\/section>\n\t\t\t\t<\/div>\n\t\t","protected":false},"excerpt":{"rendered":"<p>Changement de pr\u00e9nom \u00e0 Aiguilhe Changement de pr\u00e9nom sur justification Toute personne peut demander \u00e0 changer de pr\u00e9nom si elle justifie d&rsquo;un int\u00e9r\u00eat l\u00e9gitime.Par exemple, si votre pr\u00e9nom ou la jonction de votre nom et de votre pr\u00e9nom est consid\u00e9r\u00e9 ridicule, vous pouvez demander \u00e0 en changer. L&rsquo;adjonction, la suppression ou la modification de l&rsquo;ordre [&hellip;]<\/p>\n","protected":false},"author":4,"featured_media":0,"parent":0,"menu_order":0,"comment_status":"closed","ping_status":"closed","template":"","meta":{"ocean_post_layout":"full-screen","ocean_both_sidebars_style":"","ocean_both_sidebars_content_width":0,"ocean_both_sidebars_sidebars_width":0,"ocean_sidebar":"0","ocean_second_sidebar":"0","ocean_disable_margins":"on","ocean_add_body_class":"","ocean_shortcode_before_top_bar":"","ocean_shortcode_after_top_bar":"","ocean_shortcode_before_header":"","ocean_shortcode_after_header":"","ocean_has_shortcode":"","ocean_shortcode_after_title":"","ocean_shortcode_before_footer_widgets":"","ocean_shortcode_after_footer_widgets":"","ocean_shortcode_before_footer_bottom":"","ocean_shortcode_after_footer_bottom":"","ocean_display_top_bar":"default","ocean_display_header":"default","ocean_header_style":"","ocean_center_header_left_menu":"0","ocean_custom_header_template":"0","ocean_custom_logo":0,"ocean_custom_retina_logo":0,"ocean_custom_logo_max_width":0,"ocean_custom_logo_tablet_max_width":0,"ocean_custom_logo_mobile_max_width":0,"ocean_custom_logo_max_height":0,"ocean_custom_logo_tablet_max_height":0,"ocean_custom_logo_mobile_max_height":0,"ocean_header_custom_menu":"0","ocean_menu_typo_font_family":"0","ocean_menu_typo_font_subset":"","ocean_menu_typo_font_size":0,"ocean_menu_typo_font_size_tablet":0,"ocean_menu_typo_font_size_mobile":0,"ocean_menu_typo_font_size_unit":"px","ocean_menu_typo_font_weight":"","ocean_menu_typo_font_weight_tablet":"","ocean_menu_typo_font_weight_mobile":"","ocean_menu_typo_transform":"","ocean_menu_typo_transform_tablet":"","ocean_menu_typo_transform_mobile":"","ocean_menu_typo_line_height":0,"ocean_menu_typo_line_height_tablet":0,"ocean_menu_typo_line_height_mobile":0,"ocean_menu_typo_line_height_unit":"","ocean_menu_typo_spacing":0,"ocean_menu_typo_spacing_tablet":0,"ocean_menu_typo_spacing_mobile":0,"ocean_menu_typo_spacing_unit":"","ocean_menu_link_color":"","ocean_menu_link_color_hover":"","ocean_menu_link_color_active":"","ocean_menu_link_background":"","ocean_menu_link_hover_background":"","ocean_menu_link_active_background":"","ocean_menu_social_links_bg":"","ocean_menu_social_hover_links_bg":"","ocean_menu_social_links_color":"","ocean_menu_social_hover_links_color":"","ocean_disable_title":"on","ocean_disable_heading":"default","ocean_post_title":"","ocean_post_subheading":"","ocean_post_title_style":"","ocean_post_title_background_color":"","ocean_post_title_background":0,"ocean_post_title_bg_image_position":"","ocean_post_title_bg_image_attachment":"","ocean_post_title_bg_image_repeat":"","ocean_post_title_bg_image_size":"","ocean_post_title_height":0,"ocean_post_title_bg_overlay":0.5,"ocean_post_title_bg_overlay_color":"","ocean_disable_breadcrumbs":"default","ocean_breadcrumbs_color":"","ocean_breadcrumbs_separator_color":"","ocean_breadcrumbs_links_color":"","ocean_breadcrumbs_links_hover_color":"","ocean_display_footer_widgets":"default","ocean_display_footer_bottom":"default","ocean_custom_footer_template":"0","footnotes":""},"class_list":["post-4990","page","type-page","status-publish","hentry","entry"],"yoast_head":"<!-- This site is optimized with the Yoast SEO plugin v27.4 - https:\/\/yoast.com\/product\/yoast-seo-wordpress\/ -->\n<title>Changement de pr\u00e9nom &#8226; Commune d&#039;Aiguilhe<\/title>\n<meta name=\"robots\" content=\"index, follow, max-snippet:-1, max-image-preview:large, max-video-preview:-1\" \/>\n<link rel=\"canonical\" href=\"https:\/\/aiguilhe.fr\/index.php\/changement-de-prenom\/\" \/>\n<meta property=\"og:locale\" content=\"fr_FR\" \/>\n<meta property=\"og:type\" content=\"article\" \/>\n<meta property=\"og:title\" content=\"Changement de pr\u00e9nom &#8226; Commune d&#039;Aiguilhe\" \/>\n<meta property=\"og:description\" content=\"Changement de pr\u00e9nom \u00e0 Aiguilhe Changement de pr\u00e9nom sur justification Toute personne peut demander \u00e0 changer de pr\u00e9nom si elle justifie d&rsquo;un int\u00e9r\u00eat l\u00e9gitime.Par exemple, si votre pr\u00e9nom ou la jonction de votre nom et de votre pr\u00e9nom est consid\u00e9r\u00e9 ridicule, vous pouvez demander \u00e0 en changer. L&rsquo;adjonction, la suppression ou la modification de l&rsquo;ordre [&hellip;]\" \/>\n<meta property=\"og:url\" content=\"https:\/\/aiguilhe.fr\/index.php\/changement-de-prenom\/\" \/>\n<meta property=\"og:site_name\" content=\"Commune d&#039;Aiguilhe\" \/>\n<meta property=\"article:modified_time\" content=\"2024-06-06T08:27:36+00:00\" \/>\n<meta name=\"twitter:card\" content=\"summary_large_image\" \/>\n<meta name=\"twitter:label1\" content=\"Dur\u00e9e de lecture estim\u00e9e\" \/>\n\t<meta name=\"twitter:data1\" content=\"3 minutes\" \/>\n<script type=\"application\/ld+json\" class=\"yoast-schema-graph\">{\"@context\":\"https:\\\/\\\/schema.org\",\"@graph\":[{\"@type\":\"WebPage\",\"@id\":\"https:\\\/\\\/aiguilhe.fr\\\/index.php\\\/changement-de-prenom\\\/\",\"url\":\"https:\\\/\\\/aiguilhe.fr\\\/index.php\\\/changement-de-prenom\\\/\",\"name\":\"Changement de pr\u00e9nom &#8226; Commune d&#039;Aiguilhe\",\"isPartOf\":{\"@id\":\"https:\\\/\\\/aiguilhe.fr\\\/#website\"},\"datePublished\":\"2022-10-06T11:41:58+00:00\",\"dateModified\":\"2024-06-06T08:27:36+00:00\",\"breadcrumb\":{\"@id\":\"https:\\\/\\\/aiguilhe.fr\\\/index.php\\\/changement-de-prenom\\\/#breadcrumb\"},\"inLanguage\":\"fr-FR\",\"potentialAction\":[{\"@type\":\"ReadAction\",\"target\":[\"https:\\\/\\\/aiguilhe.fr\\\/index.php\\\/changement-de-prenom\\\/\"]}]},{\"@type\":\"BreadcrumbList\",\"@id\":\"https:\\\/\\\/aiguilhe.fr\\\/index.php\\\/changement-de-prenom\\\/#breadcrumb\",\"itemListElement\":[{\"@type\":\"ListItem\",\"position\":1,\"name\":\"Accueil\",\"item\":\"https:\\\/\\\/aiguilhe.fr\\\/\"},{\"@type\":\"ListItem\",\"position\":2,\"name\":\"Changement de pr\u00e9nom\"}]},{\"@type\":\"WebSite\",\"@id\":\"https:\\\/\\\/aiguilhe.fr\\\/#website\",\"url\":\"https:\\\/\\\/aiguilhe.fr\\\/\",\"name\":\"Commune d&#039;Aiguilhe\",\"description\":\"Commune de haute-loire\",\"publisher\":{\"@id\":\"https:\\\/\\\/aiguilhe.fr\\\/#organization\"},\"potentialAction\":[{\"@type\":\"SearchAction\",\"target\":{\"@type\":\"EntryPoint\",\"urlTemplate\":\"https:\\\/\\\/aiguilhe.fr\\\/?s={search_term_string}\"},\"query-input\":{\"@type\":\"PropertyValueSpecification\",\"valueRequired\":true,\"valueName\":\"search_term_string\"}}],\"inLanguage\":\"fr-FR\"},{\"@type\":\"Organization\",\"@id\":\"https:\\\/\\\/aiguilhe.fr\\\/#organization\",\"name\":\"Commune d&#039;Aiguilhe\",\"url\":\"https:\\\/\\\/aiguilhe.fr\\\/\",\"logo\":{\"@type\":\"ImageObject\",\"inLanguage\":\"fr-FR\",\"@id\":\"https:\\\/\\\/aiguilhe.fr\\\/#\\\/schema\\\/logo\\\/image\\\/\",\"url\":\"https:\\\/\\\/aiguilhe.fr\\\/wp-content\\\/uploads\\\/2022\\\/06\\\/cropped-logo-1.jpg\",\"contentUrl\":\"https:\\\/\\\/aiguilhe.fr\\\/wp-content\\\/uploads\\\/2022\\\/06\\\/cropped-logo-1.jpg\",\"width\":106,\"height\":84,\"caption\":\"Commune d&#039;Aiguilhe\"},\"image\":{\"@id\":\"https:\\\/\\\/aiguilhe.fr\\\/#\\\/schema\\\/logo\\\/image\\\/\"}}]}<\/script>\n<!-- \/ Yoast SEO plugin. -->","yoast_head_json":{"title":"Changement de pr\u00e9nom &#8226; Commune d&#039;Aiguilhe","robots":{"index":"index","follow":"follow","max-snippet":"max-snippet:-1","max-image-preview":"max-image-preview:large","max-video-preview":"max-video-preview:-1"},"canonical":"https:\/\/aiguilhe.fr\/index.php\/changement-de-prenom\/","og_locale":"fr_FR","og_type":"article","og_title":"Changement de pr\u00e9nom &#8226; Commune d&#039;Aiguilhe","og_description":"Changement de pr\u00e9nom \u00e0 Aiguilhe Changement de pr\u00e9nom sur justification Toute personne peut demander \u00e0 changer de pr\u00e9nom si elle justifie d&rsquo;un int\u00e9r\u00eat l\u00e9gitime.Par exemple, si votre pr\u00e9nom ou la jonction de votre nom et de votre pr\u00e9nom est consid\u00e9r\u00e9 ridicule, vous pouvez demander \u00e0 en changer. L&rsquo;adjonction, la suppression ou la modification de l&rsquo;ordre [&hellip;]","og_url":"https:\/\/aiguilhe.fr\/index.php\/changement-de-prenom\/","og_site_name":"Commune d&#039;Aiguilhe","article_modified_time":"2024-06-06T08:27:36+00:00","twitter_card":"summary_large_image","twitter_misc":{"Dur\u00e9e de lecture estim\u00e9e":"3 minutes"},"schema":{"@context":"https:\/\/schema.org","@graph":[{"@type":"WebPage","@id":"https:\/\/aiguilhe.fr\/index.php\/changement-de-prenom\/","url":"https:\/\/aiguilhe.fr\/index.php\/changement-de-prenom\/","name":"Changement de pr\u00e9nom &#8226; Commune d&#039;Aiguilhe","isPartOf":{"@id":"https:\/\/aiguilhe.fr\/#website"},"datePublished":"2022-10-06T11:41:58+00:00","dateModified":"2024-06-06T08:27:36+00:00","breadcrumb":{"@id":"https:\/\/aiguilhe.fr\/index.php\/changement-de-prenom\/#breadcrumb"},"inLanguage":"fr-FR","potentialAction":[{"@type":"ReadAction","target":["https:\/\/aiguilhe.fr\/index.php\/changement-de-prenom\/"]}]},{"@type":"BreadcrumbList","@id":"https:\/\/aiguilhe.fr\/index.php\/changement-de-prenom\/#breadcrumb","itemListElement":[{"@type":"ListItem","position":1,"name":"Accueil","item":"https:\/\/aiguilhe.fr\/"},{"@type":"ListItem","position":2,"name":"Changement de pr\u00e9nom"}]},{"@type":"WebSite","@id":"https:\/\/aiguilhe.fr\/#website","url":"https:\/\/aiguilhe.fr\/","name":"Commune d&#039;Aiguilhe","description":"Commune de haute-loire","publisher":{"@id":"https:\/\/aiguilhe.fr\/#organization"},"potentialAction":[{"@type":"SearchAction","target":{"@type":"EntryPoint","urlTemplate":"https:\/\/aiguilhe.fr\/?s={search_term_string}"},"query-input":{"@type":"PropertyValueSpecification","valueRequired":true,"valueName":"search_term_string"}}],"inLanguage":"fr-FR"},{"@type":"Organization","@id":"https:\/\/aiguilhe.fr\/#organization","name":"Commune d&#039;Aiguilhe","url":"https:\/\/aiguilhe.fr\/","logo":{"@type":"ImageObject","inLanguage":"fr-FR","@id":"https:\/\/aiguilhe.fr\/#\/schema\/logo\/image\/","url":"https:\/\/aiguilhe.fr\/wp-content\/uploads\/2022\/06\/cropped-logo-1.jpg","contentUrl":"https:\/\/aiguilhe.fr\/wp-content\/uploads\/2022\/06\/cropped-logo-1.jpg","width":106,"height":84,"caption":"Commune d&#039;Aiguilhe"},"image":{"@id":"https:\/\/aiguilhe.fr\/#\/schema\/logo\/image\/"}}]}},"_links":{"self":[{"href":"https:\/\/aiguilhe.fr\/index.php\/wp-json\/wp\/v2\/pages\/4990","targetHints":{"allow":["GET"]}}],"collection":[{"href":"https:\/\/aiguilhe.fr\/index.php\/wp-json\/wp\/v2\/pages"}],"about":[{"href":"https:\/\/aiguilhe.fr\/index.php\/wp-json\/wp\/v2\/types\/page"}],"author":[{"embeddable":true,"href":"https:\/\/aiguilhe.fr\/index.php\/wp-json\/wp\/v2\/users\/4"}],"replies":[{"embeddable":true,"href":"https:\/\/aiguilhe.fr\/index.php\/wp-json\/wp\/v2\/comments?post=4990"}],"version-history":[{"count":12,"href":"https:\/\/aiguilhe.fr\/index.php\/wp-json\/wp\/v2\/pages\/4990\/revisions"}],"predecessor-version":[{"id":10693,"href":"https:\/\/aiguilhe.fr\/index.php\/wp-json\/wp\/v2\/pages\/4990\/revisions\/10693"}],"wp:attachment":[{"href":"https:\/\/aiguilhe.fr\/index.php\/wp-json\/wp\/v2\/media?parent=4990"}],"curies":[{"name":"wp","href":"https:\/\/api.w.org\/{rel}","templated":true}]}}