{"id":2248,"date":"2022-09-02T14:13:19","date_gmt":"2022-09-02T12:13:19","guid":{"rendered":"https:\/\/aiguilhe.eu\/?page_id=2248"},"modified":"2024-06-14T14:30:30","modified_gmt":"2024-06-14T12:30:30","slug":"demande-daffichage","status":"publish","type":"page","link":"https:\/\/aiguilhe.fr\/index.php\/demande-daffichage\/","title":{"rendered":"Demande d&rsquo;affichage"},"content":{"rendered":"\t\t<div data-elementor-type=\"wp-post\" data-elementor-id=\"2248\" class=\"elementor elementor-2248\">\n\t\t\t\t\t\t<section class=\"elementor-section elementor-top-section elementor-element elementor-element-cec4fde elementor-section-height-min-height elementor-section-items-stretch elementor-section-content-top elementor-section-stretched elementor-section-boxed elementor-section-height-default\" data-id=\"cec4fde\" data-element_type=\"section\" data-e-type=\"section\" data-settings=\"{&quot;background_background&quot;:&quot;classic&quot;,&quot;stretch_section&quot;:&quot;section-stretched&quot;}\">\n\t\t\t\t\t\t<div class=\"elementor-container elementor-column-gap-default\">\n\t\t\t\t\t<div class=\"elementor-column elementor-col-50 elementor-top-column elementor-element elementor-element-635fe47\" data-id=\"635fe47\" data-element_type=\"column\" data-e-type=\"column\">\n\t\t\t<div class=\"elementor-widget-wrap\">\n\t\t\t\t\t\t\t<\/div>\n\t\t<\/div>\n\t\t\t\t<div class=\"elementor-column elementor-col-50 elementor-top-column elementor-element elementor-element-d4e352b\" data-id=\"d4e352b\" data-element_type=\"column\" data-e-type=\"column\">\n\t\t\t<div class=\"elementor-widget-wrap elementor-element-populated\">\n\t\t\t\t\t\t<div class=\"elementor-element elementor-element-a767066 elementor-widget elementor-widget-heading\" data-id=\"a767066\" data-element_type=\"widget\" data-e-type=\"widget\" data-widget_type=\"heading.default\">\n\t\t\t\t<div class=\"elementor-widget-container\">\n\t\t\t\t\t<h1 class=\"elementor-heading-title elementor-size-default\">Demande d'affichage \u00e0 Aiguilhe<\/h1>\t\t\t\t<\/div>\n\t\t\t\t<\/div>\n\t\t\t\t\t<\/div>\n\t\t<\/div>\n\t\t\t\t\t<\/div>\n\t\t<\/section>\n\t\t\t\t<section class=\"elementor-section elementor-top-section elementor-element elementor-element-b26d614 elementor-section-boxed elementor-section-height-default elementor-section-height-default\" data-id=\"b26d614\" data-element_type=\"section\" data-e-type=\"section\">\n\t\t\t\t\t\t<div class=\"elementor-container elementor-column-gap-default\">\n\t\t\t\t\t<div class=\"elementor-column elementor-col-100 elementor-top-column elementor-element elementor-element-fc99d0b\" data-id=\"fc99d0b\" data-element_type=\"column\" data-e-type=\"column\">\n\t\t\t<div class=\"elementor-widget-wrap\">\n\t\t\t\t\t\t\t<\/div>\n\t\t<\/div>\n\t\t\t\t\t<\/div>\n\t\t<\/section>\n\t\t\t\t<section class=\"elementor-section elementor-top-section elementor-element elementor-element-bb78706 elementor-section-boxed elementor-section-height-default elementor-section-height-default\" data-id=\"bb78706\" data-element_type=\"section\" data-e-type=\"section\">\n\t\t\t\t\t\t<div class=\"elementor-container elementor-column-gap-default\">\n\t\t\t\t\t<div class=\"elementor-column elementor-col-100 elementor-top-column elementor-element elementor-element-8169598\" data-id=\"8169598\" data-element_type=\"column\" data-e-type=\"column\">\n\t\t\t<div class=\"elementor-widget-wrap elementor-element-populated\">\n\t\t\t\t\t\t<div class=\"elementor-element elementor-element-5ad31f7 elementor-widget elementor-widget-heading\" data-id=\"5ad31f7\" data-element_type=\"widget\" data-e-type=\"widget\" data-widget_type=\"heading.default\">\n\t\t\t\t<div class=\"elementor-widget-container\">\n\t\t\t\t\t<h2 class=\"elementor-heading-title elementor-size-default\">Affichage sur le domaine public<\/h2>\t\t\t\t<\/div>\n\t\t\t\t<\/div>\n\t\t\t\t<div class=\"elementor-element elementor-element-6c864a9 elementor-widget elementor-widget-text-editor\" data-id=\"6c864a9\" data-element_type=\"widget\" data-e-type=\"widget\" data-widget_type=\"text-editor.default\">\n\t\t\t\t<div class=\"elementor-widget-container\">\n\t\t\t\t\t\t\t\t\t<p>Si vous souhaitez apposer un affichage sur la commune d&rsquo;Aiguilhe, veuillez prendre connaissance ci-dessous de l&rsquo;arr\u00eat\u00e9 concernant la\u00a0 r\u00e8glementation mise en place sur Aiguilhe. Adressez ensuite \u00e0 la mairie par courrier ou mail la demande de d\u00e9claration pr\u00e9alable.<\/p>\t\t\t\t\t\t\t\t<\/div>\n\t\t\t\t<\/div>\n\t\t\t\t\t<\/div>\n\t\t<\/div>\n\t\t\t\t\t<\/div>\n\t\t<\/section>\n\t\t\t\t<section class=\"elementor-section elementor-top-section elementor-element elementor-element-04b257d elementor-section-boxed elementor-section-height-default elementor-section-height-default\" data-id=\"04b257d\" data-element_type=\"section\" data-e-type=\"section\">\n\t\t\t\t\t\t<div class=\"elementor-container elementor-column-gap-default\">\n\t\t\t\t\t<div class=\"elementor-column elementor-col-50 elementor-top-column elementor-element elementor-element-b12e8bf\" data-id=\"b12e8bf\" data-element_type=\"column\" data-e-type=\"column\">\n\t\t\t<div class=\"elementor-widget-wrap elementor-element-populated\">\n\t\t\t\t\t\t<div class=\"elementor-element elementor-element-9241867 elementor-align-center elementor-widget elementor-widget-button\" data-id=\"9241867\" data-element_type=\"widget\" data-e-type=\"widget\" data-widget_type=\"button.default\">\n\t\t\t\t<div class=\"elementor-widget-container\">\n\t\t\t\t\t\t\t\t\t<div class=\"elementor-button-wrapper\">\n\t\t\t\t\t<a class=\"elementor-button elementor-button-link elementor-size-sm\" href=\"https:\/\/aiguilhe.fr\/wp-content\/uploads\/2022\/10\/arrete_affichage.pdf\" target=\"_blank\">\n\t\t\t\t\t\t<span class=\"elementor-button-content-wrapper\">\n\t\t\t\t\t\t\t\t\t<span class=\"elementor-button-text\">T\u00e9l\u00e9charger l'arr\u00eat\u00e9<\/span>\n\t\t\t\t\t<\/span>\n\t\t\t\t\t<\/a>\n\t\t\t\t<\/div>\n\t\t\t\t\t\t\t\t<\/div>\n\t\t\t\t<\/div>\n\t\t\t\t\t<\/div>\n\t\t<\/div>\n\t\t\t\t<div class=\"elementor-column elementor-col-50 elementor-top-column elementor-element elementor-element-ec8dc53\" data-id=\"ec8dc53\" data-element_type=\"column\" data-e-type=\"column\">\n\t\t\t<div class=\"elementor-widget-wrap elementor-element-populated\">\n\t\t\t\t\t\t<div class=\"elementor-element elementor-element-d06d292 elementor-align-center elementor-widget elementor-widget-button\" data-id=\"d06d292\" data-element_type=\"widget\" data-e-type=\"widget\" data-widget_type=\"button.default\">\n\t\t\t\t<div class=\"elementor-widget-container\">\n\t\t\t\t\t\t\t\t\t<div class=\"elementor-button-wrapper\">\n\t\t\t\t\t<a class=\"elementor-button elementor-button-link elementor-size-sm\" href=\"https:\/\/aiguilhe.fr\/wp-content\/uploads\/2022\/10\/3322affichage.pdf\" target=\"_blank\">\n\t\t\t\t\t\t<span class=\"elementor-button-content-wrapper\">\n\t\t\t\t\t\t\t\t\t<span class=\"elementor-button-text\">T\u00e9l\u00e9charger la d\u00e9claration<\/span>\n\t\t\t\t\t<\/span>\n\t\t\t\t\t<\/a>\n\t\t\t\t<\/div>\n\t\t\t\t\t\t\t\t<\/div>\n\t\t\t\t<\/div>\n\t\t\t\t\t<\/div>\n\t\t<\/div>\n\t\t\t\t\t<\/div>\n\t\t<\/section>\n\t\t\t\t<\/div>\n\t\t","protected":false},"excerpt":{"rendered":"<p>Demande d&rsquo;affichage \u00e0 Aiguilhe Affichage sur le domaine public Si vous souhaitez apposer un affichage sur la commune d&rsquo;Aiguilhe, veuillez prendre connaissance ci-dessous de l&rsquo;arr\u00eat\u00e9 concernant la\u00a0 r\u00e8glementation mise en place sur Aiguilhe. Adressez ensuite \u00e0 la mairie par courrier ou mail la demande de d\u00e9claration pr\u00e9alable. T\u00e9l\u00e9charger l&rsquo;arr\u00eat\u00e9 T\u00e9l\u00e9charger la d\u00e9claration<\/p>\n","protected":false},"author":4,"featured_media":0,"parent":0,"menu_order":0,"comment_status":"closed","ping_status":"closed","template":"","meta":{"ocean_post_layout":"full-screen","ocean_both_sidebars_style":"","ocean_both_sidebars_content_width":0,"ocean_both_sidebars_sidebars_width":0,"ocean_sidebar":"0","ocean_second_sidebar":"0","ocean_disable_margins":"on","ocean_add_body_class":"","ocean_shortcode_before_top_bar":"","ocean_shortcode_after_top_bar":"","ocean_shortcode_before_header":"","ocean_shortcode_after_header":"","ocean_has_shortcode":"","ocean_shortcode_after_title":"","ocean_shortcode_before_footer_widgets":"","ocean_shortcode_after_footer_widgets":"","ocean_shortcode_before_footer_bottom":"","ocean_shortcode_after_footer_bottom":"","ocean_display_top_bar":"default","ocean_display_header":"default","ocean_header_style":"","ocean_center_header_left_menu":"0","ocean_custom_header_template":"0","ocean_custom_logo":0,"ocean_custom_retina_logo":0,"ocean_custom_logo_max_width":0,"ocean_custom_logo_tablet_max_width":0,"ocean_custom_logo_mobile_max_width":0,"ocean_custom_logo_max_height":0,"ocean_custom_logo_tablet_max_height":0,"ocean_custom_logo_mobile_max_height":0,"ocean_header_custom_menu":"0","ocean_menu_typo_font_family":"0","ocean_menu_typo_font_subset":"","ocean_menu_typo_font_size":0,"ocean_menu_typo_font_size_tablet":0,"ocean_menu_typo_font_size_mobile":0,"ocean_menu_typo_font_size_unit":"px","ocean_menu_typo_font_weight":"","ocean_menu_typo_font_weight_tablet":"","ocean_menu_typo_font_weight_mobile":"","ocean_menu_typo_transform":"","ocean_menu_typo_transform_tablet":"","ocean_menu_typo_transform_mobile":"","ocean_menu_typo_line_height":0,"ocean_menu_typo_line_height_tablet":0,"ocean_menu_typo_line_height_mobile":0,"ocean_menu_typo_line_height_unit":"","ocean_menu_typo_spacing":0,"ocean_menu_typo_spacing_tablet":0,"ocean_menu_typo_spacing_mobile":0,"ocean_menu_typo_spacing_unit":"","ocean_menu_link_color":"","ocean_menu_link_color_hover":"","ocean_menu_link_color_active":"","ocean_menu_link_background":"","ocean_menu_link_hover_background":"","ocean_menu_link_active_background":"","ocean_menu_social_links_bg":"","ocean_menu_social_hover_links_bg":"","ocean_menu_social_links_color":"","ocean_menu_social_hover_links_color":"","ocean_disable_title":"on","ocean_disable_heading":"default","ocean_post_title":"","ocean_post_subheading":"","ocean_post_title_style":"","ocean_post_title_background_color":"","ocean_post_title_background":0,"ocean_post_title_bg_image_position":"","ocean_post_title_bg_image_attachment":"","ocean_post_title_bg_image_repeat":"","ocean_post_title_bg_image_size":"","ocean_post_title_height":0,"ocean_post_title_bg_overlay":0.5,"ocean_post_title_bg_overlay_color":"","ocean_disable_breadcrumbs":"default","ocean_breadcrumbs_color":"","ocean_breadcrumbs_separator_color":"","ocean_breadcrumbs_links_color":"","ocean_breadcrumbs_links_hover_color":"","ocean_display_footer_widgets":"default","ocean_display_footer_bottom":"default","ocean_custom_footer_template":"0","footnotes":""},"class_list":["post-2248","page","type-page","status-publish","hentry","entry"],"yoast_head":"<!-- This site is optimized with the Yoast SEO plugin v27.4 - https:\/\/yoast.com\/product\/yoast-seo-wordpress\/ -->\n<title>Demande d&#039;affichage &#8226; Commune d&#039;Aiguilhe<\/title>\n<meta name=\"robots\" content=\"index, follow, max-snippet:-1, max-image-preview:large, max-video-preview:-1\" \/>\n<link rel=\"canonical\" href=\"https:\/\/aiguilhe.fr\/index.php\/demande-daffichage\/\" \/>\n<meta property=\"og:locale\" content=\"fr_FR\" \/>\n<meta property=\"og:type\" content=\"article\" \/>\n<meta property=\"og:title\" content=\"Demande d&#039;affichage &#8226; Commune d&#039;Aiguilhe\" \/>\n<meta property=\"og:description\" content=\"Demande d&rsquo;affichage \u00e0 Aiguilhe Affichage sur le domaine public Si vous souhaitez apposer un affichage sur la commune d&rsquo;Aiguilhe, veuillez prendre connaissance ci-dessous de l&rsquo;arr\u00eat\u00e9 concernant la\u00a0 r\u00e8glementation mise en place sur Aiguilhe. Adressez ensuite \u00e0 la mairie par courrier ou mail la demande de d\u00e9claration pr\u00e9alable. T\u00e9l\u00e9charger l&rsquo;arr\u00eat\u00e9 T\u00e9l\u00e9charger la d\u00e9claration\" \/>\n<meta property=\"og:url\" content=\"https:\/\/aiguilhe.fr\/index.php\/demande-daffichage\/\" \/>\n<meta property=\"og:site_name\" content=\"Commune d&#039;Aiguilhe\" \/>\n<meta property=\"article:modified_time\" content=\"2024-06-14T12:30:30+00:00\" \/>\n<meta name=\"twitter:card\" content=\"summary_large_image\" \/>\n<meta name=\"twitter:label1\" content=\"Dur\u00e9e de lecture estim\u00e9e\" \/>\n\t<meta name=\"twitter:data1\" content=\"1 minute\" \/>\n<script type=\"application\/ld+json\" class=\"yoast-schema-graph\">{\"@context\":\"https:\\\/\\\/schema.org\",\"@graph\":[{\"@type\":\"WebPage\",\"@id\":\"https:\\\/\\\/aiguilhe.fr\\\/index.php\\\/demande-daffichage\\\/\",\"url\":\"https:\\\/\\\/aiguilhe.fr\\\/index.php\\\/demande-daffichage\\\/\",\"name\":\"Demande d'affichage &#8226; Commune d&#039;Aiguilhe\",\"isPartOf\":{\"@id\":\"https:\\\/\\\/aiguilhe.fr\\\/#website\"},\"datePublished\":\"2022-09-02T12:13:19+00:00\",\"dateModified\":\"2024-06-14T12:30:30+00:00\",\"breadcrumb\":{\"@id\":\"https:\\\/\\\/aiguilhe.fr\\\/index.php\\\/demande-daffichage\\\/#breadcrumb\"},\"inLanguage\":\"fr-FR\",\"potentialAction\":[{\"@type\":\"ReadAction\",\"target\":[\"https:\\\/\\\/aiguilhe.fr\\\/index.php\\\/demande-daffichage\\\/\"]}]},{\"@type\":\"BreadcrumbList\",\"@id\":\"https:\\\/\\\/aiguilhe.fr\\\/index.php\\\/demande-daffichage\\\/#breadcrumb\",\"itemListElement\":[{\"@type\":\"ListItem\",\"position\":1,\"name\":\"Accueil\",\"item\":\"https:\\\/\\\/aiguilhe.fr\\\/\"},{\"@type\":\"ListItem\",\"position\":2,\"name\":\"Demande d&rsquo;affichage\"}]},{\"@type\":\"WebSite\",\"@id\":\"https:\\\/\\\/aiguilhe.fr\\\/#website\",\"url\":\"https:\\\/\\\/aiguilhe.fr\\\/\",\"name\":\"Commune d&#039;Aiguilhe\",\"description\":\"Commune de haute-loire\",\"publisher\":{\"@id\":\"https:\\\/\\\/aiguilhe.fr\\\/#organization\"},\"potentialAction\":[{\"@type\":\"SearchAction\",\"target\":{\"@type\":\"EntryPoint\",\"urlTemplate\":\"https:\\\/\\\/aiguilhe.fr\\\/?s={search_term_string}\"},\"query-input\":{\"@type\":\"PropertyValueSpecification\",\"valueRequired\":true,\"valueName\":\"search_term_string\"}}],\"inLanguage\":\"fr-FR\"},{\"@type\":\"Organization\",\"@id\":\"https:\\\/\\\/aiguilhe.fr\\\/#organization\",\"name\":\"Commune d&#039;Aiguilhe\",\"url\":\"https:\\\/\\\/aiguilhe.fr\\\/\",\"logo\":{\"@type\":\"ImageObject\",\"inLanguage\":\"fr-FR\",\"@id\":\"https:\\\/\\\/aiguilhe.fr\\\/#\\\/schema\\\/logo\\\/image\\\/\",\"url\":\"https:\\\/\\\/aiguilhe.fr\\\/wp-content\\\/uploads\\\/2022\\\/06\\\/cropped-logo-1.jpg\",\"contentUrl\":\"https:\\\/\\\/aiguilhe.fr\\\/wp-content\\\/uploads\\\/2022\\\/06\\\/cropped-logo-1.jpg\",\"width\":106,\"height\":84,\"caption\":\"Commune d&#039;Aiguilhe\"},\"image\":{\"@id\":\"https:\\\/\\\/aiguilhe.fr\\\/#\\\/schema\\\/logo\\\/image\\\/\"}}]}<\/script>\n<!-- \/ Yoast SEO plugin. -->","yoast_head_json":{"title":"Demande d'affichage &#8226; Commune d&#039;Aiguilhe","robots":{"index":"index","follow":"follow","max-snippet":"max-snippet:-1","max-image-preview":"max-image-preview:large","max-video-preview":"max-video-preview:-1"},"canonical":"https:\/\/aiguilhe.fr\/index.php\/demande-daffichage\/","og_locale":"fr_FR","og_type":"article","og_title":"Demande d'affichage &#8226; Commune d&#039;Aiguilhe","og_description":"Demande d&rsquo;affichage \u00e0 Aiguilhe Affichage sur le domaine public Si vous souhaitez apposer un affichage sur la commune d&rsquo;Aiguilhe, veuillez prendre connaissance ci-dessous de l&rsquo;arr\u00eat\u00e9 concernant la\u00a0 r\u00e8glementation mise en place sur Aiguilhe. Adressez ensuite \u00e0 la mairie par courrier ou mail la demande de d\u00e9claration pr\u00e9alable. T\u00e9l\u00e9charger l&rsquo;arr\u00eat\u00e9 T\u00e9l\u00e9charger la d\u00e9claration","og_url":"https:\/\/aiguilhe.fr\/index.php\/demande-daffichage\/","og_site_name":"Commune d&#039;Aiguilhe","article_modified_time":"2024-06-14T12:30:30+00:00","twitter_card":"summary_large_image","twitter_misc":{"Dur\u00e9e de lecture estim\u00e9e":"1 minute"},"schema":{"@context":"https:\/\/schema.org","@graph":[{"@type":"WebPage","@id":"https:\/\/aiguilhe.fr\/index.php\/demande-daffichage\/","url":"https:\/\/aiguilhe.fr\/index.php\/demande-daffichage\/","name":"Demande d'affichage &#8226; Commune d&#039;Aiguilhe","isPartOf":{"@id":"https:\/\/aiguilhe.fr\/#website"},"datePublished":"2022-09-02T12:13:19+00:00","dateModified":"2024-06-14T12:30:30+00:00","breadcrumb":{"@id":"https:\/\/aiguilhe.fr\/index.php\/demande-daffichage\/#breadcrumb"},"inLanguage":"fr-FR","potentialAction":[{"@type":"ReadAction","target":["https:\/\/aiguilhe.fr\/index.php\/demande-daffichage\/"]}]},{"@type":"BreadcrumbList","@id":"https:\/\/aiguilhe.fr\/index.php\/demande-daffichage\/#breadcrumb","itemListElement":[{"@type":"ListItem","position":1,"name":"Accueil","item":"https:\/\/aiguilhe.fr\/"},{"@type":"ListItem","position":2,"name":"Demande d&rsquo;affichage"}]},{"@type":"WebSite","@id":"https:\/\/aiguilhe.fr\/#website","url":"https:\/\/aiguilhe.fr\/","name":"Commune d&#039;Aiguilhe","description":"Commune de haute-loire","publisher":{"@id":"https:\/\/aiguilhe.fr\/#organization"},"potentialAction":[{"@type":"SearchAction","target":{"@type":"EntryPoint","urlTemplate":"https:\/\/aiguilhe.fr\/?s={search_term_string}"},"query-input":{"@type":"PropertyValueSpecification","valueRequired":true,"valueName":"search_term_string"}}],"inLanguage":"fr-FR"},{"@type":"Organization","@id":"https:\/\/aiguilhe.fr\/#organization","name":"Commune d&#039;Aiguilhe","url":"https:\/\/aiguilhe.fr\/","logo":{"@type":"ImageObject","inLanguage":"fr-FR","@id":"https:\/\/aiguilhe.fr\/#\/schema\/logo\/image\/","url":"https:\/\/aiguilhe.fr\/wp-content\/uploads\/2022\/06\/cropped-logo-1.jpg","contentUrl":"https:\/\/aiguilhe.fr\/wp-content\/uploads\/2022\/06\/cropped-logo-1.jpg","width":106,"height":84,"caption":"Commune d&#039;Aiguilhe"},"image":{"@id":"https:\/\/aiguilhe.fr\/#\/schema\/logo\/image\/"}}]}},"_links":{"self":[{"href":"https:\/\/aiguilhe.fr\/index.php\/wp-json\/wp\/v2\/pages\/2248","targetHints":{"allow":["GET"]}}],"collection":[{"href":"https:\/\/aiguilhe.fr\/index.php\/wp-json\/wp\/v2\/pages"}],"about":[{"href":"https:\/\/aiguilhe.fr\/index.php\/wp-json\/wp\/v2\/types\/page"}],"author":[{"embeddable":true,"href":"https:\/\/aiguilhe.fr\/index.php\/wp-json\/wp\/v2\/users\/4"}],"replies":[{"embeddable":true,"href":"https:\/\/aiguilhe.fr\/index.php\/wp-json\/wp\/v2\/comments?post=2248"}],"version-history":[{"count":6,"href":"https:\/\/aiguilhe.fr\/index.php\/wp-json\/wp\/v2\/pages\/2248\/revisions"}],"predecessor-version":[{"id":10975,"href":"https:\/\/aiguilhe.fr\/index.php\/wp-json\/wp\/v2\/pages\/2248\/revisions\/10975"}],"wp:attachment":[{"href":"https:\/\/aiguilhe.fr\/index.php\/wp-json\/wp\/v2\/media?parent=2248"}],"curies":[{"name":"wp","href":"https:\/\/api.w.org\/{rel}","templated":true}]}}