{"id":12459,"date":"2025-04-03T13:57:23","date_gmt":"2025-04-03T11:57:23","guid":{"rendered":"https:\/\/aiguilhe.fr\/?page_id=12459"},"modified":"2026-02-02T12:07:08","modified_gmt":"2026-02-02T11:07:08","slug":"spa","status":"publish","type":"page","link":"https:\/\/aiguilhe.fr\/index.php\/spa\/","title":{"rendered":"Soci\u00e9t\u00e9 Protectrice des Animaux (SPA)2"},"content":{"rendered":"\t\t<div data-elementor-type=\"wp-post\" data-elementor-id=\"12459\" class=\"elementor elementor-12459\">\n\t\t\t\t\t\t<section class=\"elementor-section elementor-top-section elementor-element elementor-element-cec4fde elementor-section-height-min-height elementor-section-items-stretch elementor-section-content-top elementor-section-stretched elementor-section-boxed elementor-section-height-default\" data-id=\"cec4fde\" data-element_type=\"section\" data-e-type=\"section\" data-settings=\"{&quot;background_background&quot;:&quot;classic&quot;,&quot;stretch_section&quot;:&quot;section-stretched&quot;}\">\n\t\t\t\t\t\t<div class=\"elementor-container elementor-column-gap-default\">\n\t\t\t\t\t<div class=\"elementor-column elementor-col-50 elementor-top-column elementor-element elementor-element-635fe47\" data-id=\"635fe47\" data-element_type=\"column\" data-e-type=\"column\">\n\t\t\t<div class=\"elementor-widget-wrap\">\n\t\t\t\t\t\t\t<\/div>\n\t\t<\/div>\n\t\t\t\t<div class=\"elementor-column elementor-col-50 elementor-top-column elementor-element elementor-element-d4e352b\" data-id=\"d4e352b\" data-element_type=\"column\" data-e-type=\"column\">\n\t\t\t<div class=\"elementor-widget-wrap elementor-element-populated\">\n\t\t\t\t\t\t<div class=\"elementor-element elementor-element-a767066 elementor-widget elementor-widget-heading\" data-id=\"a767066\" data-element_type=\"widget\" data-e-type=\"widget\" data-widget_type=\"heading.default\">\n\t\t\t\t<div class=\"elementor-widget-container\">\n\t\t\t\t\t<h1 class=\"elementor-heading-title elementor-size-default\">La Soci\u00e9t\u00e9 Protectrice des Animaux<\/h1>\t\t\t\t<\/div>\n\t\t\t\t<\/div>\n\t\t\t\t\t<\/div>\n\t\t<\/div>\n\t\t\t\t\t<\/div>\n\t\t<\/section>\n\t\t\t\t<section class=\"elementor-section elementor-top-section elementor-element elementor-element-4dba46c elementor-section-boxed elementor-section-height-default elementor-section-height-default\" data-id=\"4dba46c\" data-element_type=\"section\" data-e-type=\"section\">\n\t\t\t\t\t\t<div class=\"elementor-container elementor-column-gap-default\">\n\t\t\t\t\t<div class=\"elementor-column elementor-col-100 elementor-top-column elementor-element elementor-element-c4afab7\" data-id=\"c4afab7\" data-element_type=\"column\" data-e-type=\"column\">\n\t\t\t<div class=\"elementor-widget-wrap elementor-element-populated\">\n\t\t\t\t\t\t<div class=\"elementor-element elementor-element-b58af47 elementor-widget elementor-widget-text-editor\" data-id=\"b58af47\" data-element_type=\"widget\" data-e-type=\"widget\" data-widget_type=\"text-editor.default\">\n\t\t\t\t<div class=\"elementor-widget-container\">\n\t\t\t\t\t\t\t\t\t<p>Chaque ann\u00e9e, la commune \u00e9tablit une convention avec la SPA de Polignac pour la st\u00e9rilisation des chats errants.<\/p><p>Avant toute intervention, le b\u00e9n\u00e9vole local, pr\u00e9alablement identifi\u00e9 par la SPA, doit obtenir une autorisation aupr\u00e8s de la mairie.<\/p>\t\t\t\t\t\t\t\t<\/div>\n\t\t\t\t<\/div>\n\t\t\t\t\t<\/div>\n\t\t<\/div>\n\t\t\t\t\t<\/div>\n\t\t<\/section>\n\t\t\t\t<section class=\"elementor-section elementor-top-section elementor-element elementor-element-07c0e37 elementor-section-boxed elementor-section-height-default elementor-section-height-default\" data-id=\"07c0e37\" data-element_type=\"section\" data-e-type=\"section\">\n\t\t\t\t\t\t<div class=\"elementor-container elementor-column-gap-default\">\n\t\t\t\t\t<div class=\"elementor-column elementor-col-50 elementor-top-column elementor-element elementor-element-3789d6a\" data-id=\"3789d6a\" data-element_type=\"column\" data-e-type=\"column\">\n\t\t\t<div class=\"elementor-widget-wrap elementor-element-populated\">\n\t\t\t\t\t\t<div class=\"elementor-element elementor-element-523284c elementor-widget elementor-widget-button\" data-id=\"523284c\" data-element_type=\"widget\" data-e-type=\"widget\" data-widget_type=\"button.default\">\n\t\t\t\t<div class=\"elementor-widget-container\">\n\t\t\t\t\t\t\t\t\t<div class=\"elementor-button-wrapper\">\n\t\t\t\t\t<a class=\"elementor-button elementor-button-link elementor-size-sm\" href=\"https:\/\/aiguilhe.fr\/wp-content\/uploads\/2025\/04\/10-renouvellement-convention-spa.pdf\" target=\"_blank\">\n\t\t\t\t\t\t<span class=\"elementor-button-content-wrapper\">\n\t\t\t\t\t\t\t\t\t<span class=\"elementor-button-text\">D\u00e9lib\u00e9ration<\/span>\n\t\t\t\t\t<\/span>\n\t\t\t\t\t<\/a>\n\t\t\t\t<\/div>\n\t\t\t\t\t\t\t\t<\/div>\n\t\t\t\t<\/div>\n\t\t\t\t\t<\/div>\n\t\t<\/div>\n\t\t\t\t<div class=\"elementor-column elementor-col-50 elementor-top-column elementor-element elementor-element-bfe661b\" data-id=\"bfe661b\" data-element_type=\"column\" data-e-type=\"column\">\n\t\t\t<div class=\"elementor-widget-wrap elementor-element-populated\">\n\t\t\t\t\t\t<div class=\"elementor-element elementor-element-82541ad elementor-widget elementor-widget-button\" data-id=\"82541ad\" data-element_type=\"widget\" data-e-type=\"widget\" data-widget_type=\"button.default\">\n\t\t\t\t<div class=\"elementor-widget-container\">\n\t\t\t\t\t\t\t\t\t<div class=\"elementor-button-wrapper\">\n\t\t\t\t\t<a class=\"elementor-button elementor-button-link elementor-size-sm\" href=\"https:\/\/aiguilhe.fr\/wp-content\/uploads\/2025\/04\/convention-spa.pdf\" target=\"_blank\">\n\t\t\t\t\t\t<span class=\"elementor-button-content-wrapper\">\n\t\t\t\t\t\t\t\t\t<span class=\"elementor-button-text\">Convention<\/span>\n\t\t\t\t\t<\/span>\n\t\t\t\t\t<\/a>\n\t\t\t\t<\/div>\n\t\t\t\t\t\t\t\t<\/div>\n\t\t\t\t<\/div>\n\t\t\t\t\t<\/div>\n\t\t<\/div>\n\t\t\t\t\t<\/div>\n\t\t<\/section>\n\t\t\t\t<\/div>\n\t\t","protected":false},"excerpt":{"rendered":"<p>La Soci\u00e9t\u00e9 Protectrice des Animaux Chaque ann\u00e9e, la commune \u00e9tablit une convention avec la SPA de Polignac pour la st\u00e9rilisation des chats errants. Avant toute intervention, le b\u00e9n\u00e9vole local, pr\u00e9alablement identifi\u00e9 par la SPA, doit obtenir une autorisation aupr\u00e8s de la mairie. D\u00e9lib\u00e9ration Convention<\/p>\n","protected":false},"author":4,"featured_media":0,"parent":0,"menu_order":0,"comment_status":"closed","ping_status":"closed","template":"","meta":{"ocean_post_layout":"full-screen","ocean_both_sidebars_style":"","ocean_both_sidebars_content_width":0,"ocean_both_sidebars_sidebars_width":0,"ocean_sidebar":"0","ocean_second_sidebar":"0","ocean_disable_margins":"on","ocean_add_body_class":"","ocean_shortcode_before_top_bar":"","ocean_shortcode_after_top_bar":"","ocean_shortcode_before_header":"","ocean_shortcode_after_header":"","ocean_has_shortcode":"","ocean_shortcode_after_title":"","ocean_shortcode_before_footer_widgets":"","ocean_shortcode_after_footer_widgets":"","ocean_shortcode_before_footer_bottom":"","ocean_shortcode_after_footer_bottom":"","ocean_display_top_bar":"default","ocean_display_header":"default","ocean_header_style":"","ocean_center_header_left_menu":"0","ocean_custom_header_template":"0","ocean_custom_logo":0,"ocean_custom_retina_logo":0,"ocean_custom_logo_max_width":0,"ocean_custom_logo_tablet_max_width":0,"ocean_custom_logo_mobile_max_width":0,"ocean_custom_logo_max_height":0,"ocean_custom_logo_tablet_max_height":0,"ocean_custom_logo_mobile_max_height":0,"ocean_header_custom_menu":"0","ocean_menu_typo_font_family":"0","ocean_menu_typo_font_subset":"","ocean_menu_typo_font_size":0,"ocean_menu_typo_font_size_tablet":0,"ocean_menu_typo_font_size_mobile":0,"ocean_menu_typo_font_size_unit":"px","ocean_menu_typo_font_weight":"","ocean_menu_typo_font_weight_tablet":"","ocean_menu_typo_font_weight_mobile":"","ocean_menu_typo_transform":"","ocean_menu_typo_transform_tablet":"","ocean_menu_typo_transform_mobile":"","ocean_menu_typo_line_height":0,"ocean_menu_typo_line_height_tablet":0,"ocean_menu_typo_line_height_mobile":0,"ocean_menu_typo_line_height_unit":"","ocean_menu_typo_spacing":0,"ocean_menu_typo_spacing_tablet":0,"ocean_menu_typo_spacing_mobile":0,"ocean_menu_typo_spacing_unit":"","ocean_menu_link_color":"","ocean_menu_link_color_hover":"","ocean_menu_link_color_active":"","ocean_menu_link_background":"","ocean_menu_link_hover_background":"","ocean_menu_link_active_background":"","ocean_menu_social_links_bg":"","ocean_menu_social_hover_links_bg":"","ocean_menu_social_links_color":"","ocean_menu_social_hover_links_color":"","ocean_disable_title":"on","ocean_disable_heading":"default","ocean_post_title":"","ocean_post_subheading":"","ocean_post_title_style":"","ocean_post_title_background_color":"","ocean_post_title_background":0,"ocean_post_title_bg_image_position":"","ocean_post_title_bg_image_attachment":"","ocean_post_title_bg_image_repeat":"","ocean_post_title_bg_image_size":"","ocean_post_title_height":0,"ocean_post_title_bg_overlay":0.5,"ocean_post_title_bg_overlay_color":"","ocean_disable_breadcrumbs":"default","ocean_breadcrumbs_color":"","ocean_breadcrumbs_separator_color":"","ocean_breadcrumbs_links_color":"","ocean_breadcrumbs_links_hover_color":"","ocean_display_footer_widgets":"default","ocean_display_footer_bottom":"default","ocean_custom_footer_template":"0","footnotes":""},"class_list":["post-12459","page","type-page","status-publish","hentry","entry"],"yoast_head":"<!-- This site is optimized with the Yoast SEO plugin v27.5 - https:\/\/yoast.com\/product\/yoast-seo-wordpress\/ -->\n<title>Soci\u00e9t\u00e9 Protectrice des Animaux (SPA)2 &#8226; Commune d&#039;Aiguilhe<\/title>\n<meta name=\"robots\" content=\"index, follow, max-snippet:-1, max-image-preview:large, max-video-preview:-1\" \/>\n<link rel=\"canonical\" href=\"https:\/\/aiguilhe.fr\/index.php\/spa\/\" \/>\n<meta property=\"og:locale\" content=\"fr_FR\" \/>\n<meta property=\"og:type\" content=\"article\" \/>\n<meta property=\"og:title\" content=\"Soci\u00e9t\u00e9 Protectrice des Animaux (SPA)2 &#8226; Commune d&#039;Aiguilhe\" \/>\n<meta property=\"og:description\" content=\"La Soci\u00e9t\u00e9 Protectrice des Animaux Chaque ann\u00e9e, la commune \u00e9tablit une convention avec la SPA de Polignac pour la st\u00e9rilisation des chats errants. Avant toute intervention, le b\u00e9n\u00e9vole local, pr\u00e9alablement identifi\u00e9 par la SPA, doit obtenir une autorisation aupr\u00e8s de la mairie. D\u00e9lib\u00e9ration Convention\" \/>\n<meta property=\"og:url\" content=\"https:\/\/aiguilhe.fr\/index.php\/spa\/\" \/>\n<meta property=\"og:site_name\" content=\"Commune d&#039;Aiguilhe\" \/>\n<meta property=\"article:modified_time\" content=\"2026-02-02T11:07:08+00:00\" \/>\n<meta name=\"twitter:card\" content=\"summary_large_image\" \/>\n<meta name=\"twitter:label1\" content=\"Dur\u00e9e de lecture estim\u00e9e\" \/>\n\t<meta name=\"twitter:data1\" content=\"1 minute\" \/>\n<script type=\"application\/ld+json\" class=\"yoast-schema-graph\">{\"@context\":\"https:\\\/\\\/schema.org\",\"@graph\":[{\"@type\":\"WebPage\",\"@id\":\"https:\\\/\\\/aiguilhe.fr\\\/index.php\\\/spa\\\/\",\"url\":\"https:\\\/\\\/aiguilhe.fr\\\/index.php\\\/spa\\\/\",\"name\":\"Soci\u00e9t\u00e9 Protectrice des Animaux (SPA)2 &#8226; Commune d&#039;Aiguilhe\",\"isPartOf\":{\"@id\":\"https:\\\/\\\/aiguilhe.fr\\\/#website\"},\"datePublished\":\"2025-04-03T11:57:23+00:00\",\"dateModified\":\"2026-02-02T11:07:08+00:00\",\"breadcrumb\":{\"@id\":\"https:\\\/\\\/aiguilhe.fr\\\/index.php\\\/spa\\\/#breadcrumb\"},\"inLanguage\":\"fr-FR\",\"potentialAction\":[{\"@type\":\"ReadAction\",\"target\":[\"https:\\\/\\\/aiguilhe.fr\\\/index.php\\\/spa\\\/\"]}]},{\"@type\":\"BreadcrumbList\",\"@id\":\"https:\\\/\\\/aiguilhe.fr\\\/index.php\\\/spa\\\/#breadcrumb\",\"itemListElement\":[{\"@type\":\"ListItem\",\"position\":1,\"name\":\"Accueil\",\"item\":\"https:\\\/\\\/aiguilhe.fr\\\/\"},{\"@type\":\"ListItem\",\"position\":2,\"name\":\"Soci\u00e9t\u00e9 Protectrice des Animaux (SPA)2\"}]},{\"@type\":\"WebSite\",\"@id\":\"https:\\\/\\\/aiguilhe.fr\\\/#website\",\"url\":\"https:\\\/\\\/aiguilhe.fr\\\/\",\"name\":\"Commune d&#039;Aiguilhe\",\"description\":\"Commune de haute-loire\",\"publisher\":{\"@id\":\"https:\\\/\\\/aiguilhe.fr\\\/#organization\"},\"potentialAction\":[{\"@type\":\"SearchAction\",\"target\":{\"@type\":\"EntryPoint\",\"urlTemplate\":\"https:\\\/\\\/aiguilhe.fr\\\/?s={search_term_string}\"},\"query-input\":{\"@type\":\"PropertyValueSpecification\",\"valueRequired\":true,\"valueName\":\"search_term_string\"}}],\"inLanguage\":\"fr-FR\"},{\"@type\":\"Organization\",\"@id\":\"https:\\\/\\\/aiguilhe.fr\\\/#organization\",\"name\":\"Commune d&#039;Aiguilhe\",\"url\":\"https:\\\/\\\/aiguilhe.fr\\\/\",\"logo\":{\"@type\":\"ImageObject\",\"inLanguage\":\"fr-FR\",\"@id\":\"https:\\\/\\\/aiguilhe.fr\\\/#\\\/schema\\\/logo\\\/image\\\/\",\"url\":\"https:\\\/\\\/aiguilhe.fr\\\/wp-content\\\/uploads\\\/2022\\\/06\\\/cropped-logo-1.jpg\",\"contentUrl\":\"https:\\\/\\\/aiguilhe.fr\\\/wp-content\\\/uploads\\\/2022\\\/06\\\/cropped-logo-1.jpg\",\"width\":106,\"height\":84,\"caption\":\"Commune d&#039;Aiguilhe\"},\"image\":{\"@id\":\"https:\\\/\\\/aiguilhe.fr\\\/#\\\/schema\\\/logo\\\/image\\\/\"}}]}<\/script>\n<!-- \/ Yoast SEO plugin. -->","yoast_head_json":{"title":"Soci\u00e9t\u00e9 Protectrice des Animaux (SPA)2 &#8226; Commune d&#039;Aiguilhe","robots":{"index":"index","follow":"follow","max-snippet":"max-snippet:-1","max-image-preview":"max-image-preview:large","max-video-preview":"max-video-preview:-1"},"canonical":"https:\/\/aiguilhe.fr\/index.php\/spa\/","og_locale":"fr_FR","og_type":"article","og_title":"Soci\u00e9t\u00e9 Protectrice des Animaux (SPA)2 &#8226; Commune d&#039;Aiguilhe","og_description":"La Soci\u00e9t\u00e9 Protectrice des Animaux Chaque ann\u00e9e, la commune \u00e9tablit une convention avec la SPA de Polignac pour la st\u00e9rilisation des chats errants. Avant toute intervention, le b\u00e9n\u00e9vole local, pr\u00e9alablement identifi\u00e9 par la SPA, doit obtenir une autorisation aupr\u00e8s de la mairie. D\u00e9lib\u00e9ration Convention","og_url":"https:\/\/aiguilhe.fr\/index.php\/spa\/","og_site_name":"Commune d&#039;Aiguilhe","article_modified_time":"2026-02-02T11:07:08+00:00","twitter_card":"summary_large_image","twitter_misc":{"Dur\u00e9e de lecture estim\u00e9e":"1 minute"},"schema":{"@context":"https:\/\/schema.org","@graph":[{"@type":"WebPage","@id":"https:\/\/aiguilhe.fr\/index.php\/spa\/","url":"https:\/\/aiguilhe.fr\/index.php\/spa\/","name":"Soci\u00e9t\u00e9 Protectrice des Animaux (SPA)2 &#8226; Commune d&#039;Aiguilhe","isPartOf":{"@id":"https:\/\/aiguilhe.fr\/#website"},"datePublished":"2025-04-03T11:57:23+00:00","dateModified":"2026-02-02T11:07:08+00:00","breadcrumb":{"@id":"https:\/\/aiguilhe.fr\/index.php\/spa\/#breadcrumb"},"inLanguage":"fr-FR","potentialAction":[{"@type":"ReadAction","target":["https:\/\/aiguilhe.fr\/index.php\/spa\/"]}]},{"@type":"BreadcrumbList","@id":"https:\/\/aiguilhe.fr\/index.php\/spa\/#breadcrumb","itemListElement":[{"@type":"ListItem","position":1,"name":"Accueil","item":"https:\/\/aiguilhe.fr\/"},{"@type":"ListItem","position":2,"name":"Soci\u00e9t\u00e9 Protectrice des Animaux (SPA)2"}]},{"@type":"WebSite","@id":"https:\/\/aiguilhe.fr\/#website","url":"https:\/\/aiguilhe.fr\/","name":"Commune d&#039;Aiguilhe","description":"Commune de haute-loire","publisher":{"@id":"https:\/\/aiguilhe.fr\/#organization"},"potentialAction":[{"@type":"SearchAction","target":{"@type":"EntryPoint","urlTemplate":"https:\/\/aiguilhe.fr\/?s={search_term_string}"},"query-input":{"@type":"PropertyValueSpecification","valueRequired":true,"valueName":"search_term_string"}}],"inLanguage":"fr-FR"},{"@type":"Organization","@id":"https:\/\/aiguilhe.fr\/#organization","name":"Commune d&#039;Aiguilhe","url":"https:\/\/aiguilhe.fr\/","logo":{"@type":"ImageObject","inLanguage":"fr-FR","@id":"https:\/\/aiguilhe.fr\/#\/schema\/logo\/image\/","url":"https:\/\/aiguilhe.fr\/wp-content\/uploads\/2022\/06\/cropped-logo-1.jpg","contentUrl":"https:\/\/aiguilhe.fr\/wp-content\/uploads\/2022\/06\/cropped-logo-1.jpg","width":106,"height":84,"caption":"Commune d&#039;Aiguilhe"},"image":{"@id":"https:\/\/aiguilhe.fr\/#\/schema\/logo\/image\/"}}]}},"_links":{"self":[{"href":"https:\/\/aiguilhe.fr\/index.php\/wp-json\/wp\/v2\/pages\/12459","targetHints":{"allow":["GET"]}}],"collection":[{"href":"https:\/\/aiguilhe.fr\/index.php\/wp-json\/wp\/v2\/pages"}],"about":[{"href":"https:\/\/aiguilhe.fr\/index.php\/wp-json\/wp\/v2\/types\/page"}],"author":[{"embeddable":true,"href":"https:\/\/aiguilhe.fr\/index.php\/wp-json\/wp\/v2\/users\/4"}],"replies":[{"embeddable":true,"href":"https:\/\/aiguilhe.fr\/index.php\/wp-json\/wp\/v2\/comments?post=12459"}],"version-history":[{"count":18,"href":"https:\/\/aiguilhe.fr\/index.php\/wp-json\/wp\/v2\/pages\/12459\/revisions"}],"predecessor-version":[{"id":13566,"href":"https:\/\/aiguilhe.fr\/index.php\/wp-json\/wp\/v2\/pages\/12459\/revisions\/13566"}],"wp:attachment":[{"href":"https:\/\/aiguilhe.fr\/index.php\/wp-json\/wp\/v2\/media?parent=12459"}],"curies":[{"name":"wp","href":"https:\/\/api.w.org\/{rel}","templated":true}]}}